{"id":305,"date":"2023-11-05T18:48:42","date_gmt":"2023-11-05T17:48:42","guid":{"rendered":"https:\/\/vetdata.ch\/page-daccueil\/"},"modified":"2026-03-31T12:08:06","modified_gmt":"2026-03-31T10:08:06","slug":"page-daccueil","status":"publish","type":"page","link":"https:\/\/vetdata.ch\/fr\/","title":{"rendered":"Page d&rsquo;accueil"},"content":{"rendered":"","protected":false},"excerpt":{"rendered":"","protected":false},"author":1,"featured_media":0,"parent":0,"menu_order":0,"comment_status":"closed","ping_status":"closed","template":"wp-custom-template-home-translate","meta":{"footnotes":""},"class_list":["post-305","page","type-page","status-publish","hentry"],"yoast_head":"<!-- This site is optimized with the Yoast SEO plugin v27.4 - https:\/\/yoast.com\/product\/yoast-seo-wordpress\/ -->\n<title>VETdata - Plateforme num\u00e9rique de donn\u00e9es pour les v\u00e9t\u00e9rinaires en Suisse<\/title>\n<meta name=\"description\" content=\"Nous proposons aux cabinets v\u00e9t\u00e9rinaires de Suisse une plate-forme num\u00e9rique s\u00e9curis\u00e9e d&#039;\u00e9change et d&#039;archivage de factures, de commandes et de donn\u00e9es commerciales.\" \/>\n<meta name=\"robots\" content=\"index, follow, max-snippet:-1, max-image-preview:large, max-video-preview:-1\" \/>\n<link rel=\"canonical\" href=\"https:\/\/vetdata.ch\/fr\/\" \/>\n<meta property=\"og:locale\" content=\"fr_FR\" \/>\n<meta property=\"og:type\" content=\"article\" \/>\n<meta property=\"og:title\" content=\"VETdata - Plateforme num\u00e9rique de donn\u00e9es pour les v\u00e9t\u00e9rinaires en Suisse\" \/>\n<meta property=\"og:description\" content=\"Nous proposons aux cabinets v\u00e9t\u00e9rinaires de Suisse une plate-forme num\u00e9rique s\u00e9curis\u00e9e d&#039;\u00e9change et d&#039;archivage de factures, de commandes et de donn\u00e9es commerciales.\" \/>\n<meta property=\"og:url\" content=\"https:\/\/vetdata.ch\/fr\/\" \/>\n<meta property=\"og:site_name\" content=\"Vetdata\" \/>\n<meta property=\"article:modified_time\" content=\"2026-03-31T10:08:06+00:00\" \/>\n<meta name=\"twitter:card\" content=\"summary_large_image\" \/>\n<meta name=\"twitter:label1\" content=\"Dur\u00e9e de lecture estim\u00e9e\" \/>\n\t<meta name=\"twitter:data1\" content=\"3 minutes\" \/>\n<script type=\"application\/ld+json\" class=\"yoast-schema-graph\">{\"@context\":\"https:\\\/\\\/schema.org\",\"@graph\":[{\"@type\":\"WebPage\",\"@id\":\"https:\\\/\\\/vetdata.ch\\\/fr\\\/\",\"url\":\"https:\\\/\\\/vetdata.ch\\\/fr\\\/\",\"name\":\"VETdata - Plateforme num\u00e9rique de donn\u00e9es pour les v\u00e9t\u00e9rinaires en Suisse\",\"isPartOf\":{\"@id\":\"https:\\\/\\\/vetdata.ch\\\/#website\"},\"datePublished\":\"2023-11-05T17:48:42+00:00\",\"dateModified\":\"2026-03-31T10:08:06+00:00\",\"description\":\"Nous proposons aux cabinets v\u00e9t\u00e9rinaires de Suisse une plate-forme num\u00e9rique s\u00e9curis\u00e9e d'\u00e9change et d'archivage de factures, de commandes et de donn\u00e9es commerciales.\",\"breadcrumb\":{\"@id\":\"https:\\\/\\\/vetdata.ch\\\/fr\\\/#breadcrumb\"},\"inLanguage\":\"fr-FR\",\"potentialAction\":[{\"@type\":\"ReadAction\",\"target\":[\"https:\\\/\\\/vetdata.ch\\\/fr\\\/\"]}]},{\"@type\":\"BreadcrumbList\",\"@id\":\"https:\\\/\\\/vetdata.ch\\\/fr\\\/#breadcrumb\",\"itemListElement\":[{\"@type\":\"ListItem\",\"position\":1,\"name\":\"Startseite\",\"item\":\"https:\\\/\\\/vetdata.ch\\\/fr\\\/\"},{\"@type\":\"ListItem\",\"position\":2,\"name\":\"Page d&#8217;accueil\"}]},{\"@type\":\"WebSite\",\"@id\":\"https:\\\/\\\/vetdata.ch\\\/#website\",\"url\":\"https:\\\/\\\/vetdata.ch\\\/\",\"name\":\"Vetdata\",\"description\":\"\",\"publisher\":{\"@id\":\"https:\\\/\\\/vetdata.ch\\\/#organization\"},\"potentialAction\":[{\"@type\":\"SearchAction\",\"target\":{\"@type\":\"EntryPoint\",\"urlTemplate\":\"https:\\\/\\\/vetdata.ch\\\/?s={search_term_string}\"},\"query-input\":{\"@type\":\"PropertyValueSpecification\",\"valueRequired\":true,\"valueName\":\"search_term_string\"}}],\"inLanguage\":\"fr-FR\"},{\"@type\":\"Organization\",\"@id\":\"https:\\\/\\\/vetdata.ch\\\/#organization\",\"name\":\"Vetdata\",\"url\":\"https:\\\/\\\/vetdata.ch\\\/\",\"logo\":{\"@type\":\"ImageObject\",\"inLanguage\":\"fr-FR\",\"@id\":\"https:\\\/\\\/vetdata.ch\\\/#\\\/schema\\\/logo\\\/image\\\/\",\"url\":\"https:\\\/\\\/vetdata.ch\\\/wp-content\\\/uploads\\\/2023\\\/11\\\/cropped-cropped-vetdata.png\",\"contentUrl\":\"https:\\\/\\\/vetdata.ch\\\/wp-content\\\/uploads\\\/2023\\\/11\\\/cropped-cropped-vetdata.png\",\"width\":1311,\"height\":251,\"caption\":\"Vetdata\"},\"image\":{\"@id\":\"https:\\\/\\\/vetdata.ch\\\/#\\\/schema\\\/logo\\\/image\\\/\"},\"sameAs\":[\"https:\\\/\\\/www.linkedin.com\\\/search\\\/results\\\/all\\\/?fetchDeterministicClustersOnly=true&heroEntityKey=urnliorganization108575229&keywords=vetdata&origin=RICH_QUERY_SUGGESTION&position=0&searchId=7d6faacc-c403-4c7d-836d-01346c178d2b&sid=t6k&spellCorrectionEnabled=false\"]}]}<\/script>\n<!-- \/ Yoast SEO plugin. -->","yoast_head_json":{"title":"VETdata - Plateforme num\u00e9rique de donn\u00e9es pour les v\u00e9t\u00e9rinaires en Suisse","description":"Nous proposons aux cabinets v\u00e9t\u00e9rinaires de Suisse une plate-forme num\u00e9rique s\u00e9curis\u00e9e d'\u00e9change et d'archivage de factures, de commandes et de donn\u00e9es commerciales.","robots":{"index":"index","follow":"follow","max-snippet":"max-snippet:-1","max-image-preview":"max-image-preview:large","max-video-preview":"max-video-preview:-1"},"canonical":"https:\/\/vetdata.ch\/fr\/","og_locale":"fr_FR","og_type":"article","og_title":"VETdata - Plateforme num\u00e9rique de donn\u00e9es pour les v\u00e9t\u00e9rinaires en Suisse","og_description":"Nous proposons aux cabinets v\u00e9t\u00e9rinaires de Suisse une plate-forme num\u00e9rique s\u00e9curis\u00e9e d'\u00e9change et d'archivage de factures, de commandes et de donn\u00e9es commerciales.","og_url":"https:\/\/vetdata.ch\/fr\/","og_site_name":"Vetdata","article_modified_time":"2026-03-31T10:08:06+00:00","twitter_card":"summary_large_image","twitter_misc":{"Dur\u00e9e de lecture estim\u00e9e":"3 minutes"},"schema":{"@context":"https:\/\/schema.org","@graph":[{"@type":"WebPage","@id":"https:\/\/vetdata.ch\/fr\/","url":"https:\/\/vetdata.ch\/fr\/","name":"VETdata - Plateforme num\u00e9rique de donn\u00e9es pour les v\u00e9t\u00e9rinaires en Suisse","isPartOf":{"@id":"https:\/\/vetdata.ch\/#website"},"datePublished":"2023-11-05T17:48:42+00:00","dateModified":"2026-03-31T10:08:06+00:00","description":"Nous proposons aux cabinets v\u00e9t\u00e9rinaires de Suisse une plate-forme num\u00e9rique s\u00e9curis\u00e9e d'\u00e9change et d'archivage de factures, de commandes et de donn\u00e9es commerciales.","breadcrumb":{"@id":"https:\/\/vetdata.ch\/fr\/#breadcrumb"},"inLanguage":"fr-FR","potentialAction":[{"@type":"ReadAction","target":["https:\/\/vetdata.ch\/fr\/"]}]},{"@type":"BreadcrumbList","@id":"https:\/\/vetdata.ch\/fr\/#breadcrumb","itemListElement":[{"@type":"ListItem","position":1,"name":"Startseite","item":"https:\/\/vetdata.ch\/fr\/"},{"@type":"ListItem","position":2,"name":"Page d&#8217;accueil"}]},{"@type":"WebSite","@id":"https:\/\/vetdata.ch\/#website","url":"https:\/\/vetdata.ch\/","name":"Vetdata","description":"","publisher":{"@id":"https:\/\/vetdata.ch\/#organization"},"potentialAction":[{"@type":"SearchAction","target":{"@type":"EntryPoint","urlTemplate":"https:\/\/vetdata.ch\/?s={search_term_string}"},"query-input":{"@type":"PropertyValueSpecification","valueRequired":true,"valueName":"search_term_string"}}],"inLanguage":"fr-FR"},{"@type":"Organization","@id":"https:\/\/vetdata.ch\/#organization","name":"Vetdata","url":"https:\/\/vetdata.ch\/","logo":{"@type":"ImageObject","inLanguage":"fr-FR","@id":"https:\/\/vetdata.ch\/#\/schema\/logo\/image\/","url":"https:\/\/vetdata.ch\/wp-content\/uploads\/2023\/11\/cropped-cropped-vetdata.png","contentUrl":"https:\/\/vetdata.ch\/wp-content\/uploads\/2023\/11\/cropped-cropped-vetdata.png","width":1311,"height":251,"caption":"Vetdata"},"image":{"@id":"https:\/\/vetdata.ch\/#\/schema\/logo\/image\/"},"sameAs":["https:\/\/www.linkedin.com\/search\/results\/all\/?fetchDeterministicClustersOnly=true&heroEntityKey=urnliorganization108575229&keywords=vetdata&origin=RICH_QUERY_SUGGESTION&position=0&searchId=7d6faacc-c403-4c7d-836d-01346c178d2b&sid=t6k&spellCorrectionEnabled=false"]}]}},"_links":{"self":[{"href":"https:\/\/vetdata.ch\/fr\/wp-json\/wp\/v2\/pages\/305","targetHints":{"allow":["GET"]}}],"collection":[{"href":"https:\/\/vetdata.ch\/fr\/wp-json\/wp\/v2\/pages"}],"about":[{"href":"https:\/\/vetdata.ch\/fr\/wp-json\/wp\/v2\/types\/page"}],"author":[{"embeddable":true,"href":"https:\/\/vetdata.ch\/fr\/wp-json\/wp\/v2\/users\/1"}],"replies":[{"embeddable":true,"href":"https:\/\/vetdata.ch\/fr\/wp-json\/wp\/v2\/comments?post=305"}],"version-history":[{"count":40,"href":"https:\/\/vetdata.ch\/fr\/wp-json\/wp\/v2\/pages\/305\/revisions"}],"predecessor-version":[{"id":2950,"href":"https:\/\/vetdata.ch\/fr\/wp-json\/wp\/v2\/pages\/305\/revisions\/2950"}],"wp:attachment":[{"href":"https:\/\/vetdata.ch\/fr\/wp-json\/wp\/v2\/media?parent=305"}],"curies":[{"name":"wp","href":"https:\/\/api.w.org\/{rel}","templated":true}]}}