{"id":821,"date":"2023-11-18T06:00:05","date_gmt":"2023-11-18T05:00:05","guid":{"rendered":"https:\/\/vetdata.ch\/page-daccueil\/documentation\/fourniesseurs-actifs\/"},"modified":"2026-04-13T16:38:32","modified_gmt":"2026-04-13T14:38:32","slug":"fourniesseurs-actifs","status":"publish","type":"page","link":"https:\/\/vetdata.ch\/fr\/page-daccueil\/actualites\/fourniesseurs-actifs\/","title":{"rendered":"Fourniesseurs actifs"},"content":{"rendered":"\n<p>Les fournisseurs list\u00e9s ci-dessous envoient leurs factures \u00e0 VETdata:<\/p>\n\n<ul class=\"wp-block-list\">\n<li><strong>Arovet AG<\/strong>: \u00e0 partir de mai 2021<\/li>\n\n\n\n<li><strong>Boehringer Ingelheim (Schweiz) GmbH<\/strong>: \u00e0 partir de juin 2021<\/li>\n\n\n\n<li><strong>Royal Canin Schweiz AG: <\/strong>\u00e0 partir d&rsquo;octobre 2021<\/li>\n\n\n\n<li><strong>Virbac Schweiz AG<\/strong>: \u00e0 partir de novembre 2021<\/li>\n\n\n\n<li><strong>medical solutions gmbh<\/strong>: \u00e0 partir de septembre 2022<\/li>\n\n\n\n<li><strong>Dr. E. Gr\u00e4ub AG:<\/strong> \u00e0 partir de d\u00e9cembre 2022<\/li>\n\n\n\n<li><strong>ufamed AG:<\/strong> \u00e0 partir de d\u00e9cembre 2022<\/li>\n\n\n\n<li><strong>Biokema SA:<\/strong> \u00e0 partir de janvier 2023<\/li>\n\n\n\n<li><strong>Cosanum AG:<\/strong> \u00e0 partir de f\u00e9vrier 2023<\/li>\n\n\n\n<li><strong>Vet-Concept Schweiz AG<\/strong>: \u00e0 partir de mars 2023<\/li>\n\n\n\n<li><strong>Streuli Tiergesundheit AG<\/strong>: \u00e0 partir de mars 2023<\/li>\n\n\n\n<li><strong>Identitas AG:<\/strong> \u00e0 partir de mai 2023<\/li>\n\n\n\n<li><strong>Powervet GmbH:<\/strong> \u00e0 partir de mai 2023<\/li>\n\n\n\n<li><strong>Zoetis Schweiz GmbH:<\/strong> \u00e0 partir de juin 2023<\/li>\n\n\n\n<li><strong>New Vetline Sagl:<\/strong> \u00e0 partir de juillet 2023<\/li>\n\n\n\n<li><strong>Elanco Tiergesundheit AG:<\/strong> \u00e0 partir de juillet 2023<\/li>\n\n\n\n<li><strong>Animals Solutions S\u00e0rl:<\/strong> \u00e0 partir de juillet 2023<\/li>\n\n\n\n<li><strong>PathoVet AG: <\/strong>\u00e0 partir de juillet 2023<\/li>\n\n\n\n<li><strong>Tox Info Suisse:<\/strong> \u00e0 partir de juillet 2023<\/li>\n\n\n\n<li><strong>Eickemeyer Medizintechnik f\u00fcr Tier\u00e4rzte AG:<\/strong> \u00e0 partir de juillet 2023<\/li>\n\n\n\n<li><strong>Vet-ID S\u00e0rl:<\/strong> \u00e0 partir d&rsquo; ao\u00fbt 2023<\/li>\n\n\n\n<li><strong>MSD Animal Health GmbH:<\/strong> \u00e0 partir d&rsquo; ao\u00fbt 2023<\/li>\n\n\n\n<li><strong>zynergy GmbH:<\/strong> \u00e0 partir d&rsquo; ao\u00fbt 2023<\/li>\n\n\n\n<li><strong>Dentistry-4-Vets, Dentovet Sarl:<\/strong> \u00e0 partir d&rsquo; ao\u00fbt 2023<\/li>\n\n\n\n<li><strong>Hevac Products SA:<\/strong> \u00e0 partir d&rsquo;octobre 2023<\/li>\n\n\n\n<li><strong>BergBl\u00fcten AG:<\/strong> \u00e0 partir d&rsquo;octrobre 2023<\/li>\n\n\n\n<li><strong>Lohmann &amp; Rauscher AG:<\/strong> \u00e0 partir de novembre 2023<\/li>\n\n\n\n<li><strong>Axon Lab AG: <\/strong>\u00e0 partir de novembre 2023<\/li>\n\n\n\n<li><strong>Phytomed AG:<\/strong> \u00e0 partir de novembre 2023<\/li>\n\n\n\n<li><strong>Herbamed AG: <\/strong>\u00e0 partir de novembre 2023<\/li>\n\n\n\n<li><strong>Promedical AG: <\/strong>\u00e0 partir de novembre 2023<\/li>\n\n\n\n<li><strong>ebi-pharm ag<\/strong>: \u00e0 partir de d\u00e9cembre 2023<\/li>\n\n\n\n<li><strong>Arcomed AG :<\/strong> \u00e0 partir de janvier 2024<\/li>\n\n\n\n<li><strong>Akanum vitae GmbH :<\/strong> \u00e0 partir de janvier 2024<\/li>\n\n\n\n<li><strong>Vet-Box GmbH : <\/strong>\u00e0 partir de janvier 2024<\/li>\n\n\n\n<li><strong>Weita AG :<\/strong> \u00e0 partir de janvier 2024<\/li>\n\n\n\n<li><strong>Dechra Veterinairy Products Suisse GmbH:<\/strong> \u00e0 partir de janvier 2024<\/li>\n\n\n\n<li><strong>Hill&rsquo;s Pet Nutrition Switzerland GmbH:<\/strong> \u00e0 partir de mars 2024<\/li>\n\n\n\n<li><strong>ENNETSeeKLINIK f\u00fcr Kleintiere AG, Labor am Zugersee:<\/strong> \u00e0 partir de mars 2024<\/li>\n\n\n\n<li><strong>K\u00fchn Pathologie AG:<\/strong> \u00e0 partir de mars 2024<\/li>\n\n\n\n<li><strong>Hedonis Sarl:<\/strong> \u00e0 partir d&rsquo;avril 2024<\/li>\n\n\n\n<li><strong>Laboratorium Dr. G. Bichsel AG:<\/strong> \u00e0 partir de mai 2024<\/li>\n\n\n\n<li><strong>Covetrus &#8211; Provet AG: <\/strong>\u00e0 partir d&rsquo;ao\u00fbt 2024<\/li>\n\n\n\n<li><strong>Animal &amp; Human Health AG:<\/strong> \u00e0 partir de janvier 2025<\/li>\n\n\n\n<li><strong>INVETICA AG :<\/strong> \u00e0 partir de juillet 2025  <\/li>\n\n\n\n<li><strong>AstraSana Animal Health AG :<\/strong> \u00e0 partir de juillet 2025  <\/li>\n\n\n\n<li><strong>InovaPlus GmbH:<\/strong> \u00e0 partir d&rsquo;ao\u00fbt 2025<\/li>\n\n\n\n<li><strong>kmudata AG :<\/strong> \u00e0 partir d&rsquo;octobre 2025<\/li>\n<\/ul>\n\n<p>Les fournisseurs de l&rsquo;OGV et VETdata travaillent intensivement au raccordement d&rsquo;autres fournisseurs dans le but de disposer le plus rapidement possible dans VETdata de toutes les factures factur\u00e9es via l&rsquo;OGV.<\/p>\n\n<p>Actuellement, les fournisseurs OGV suivants ne sont pas encore en production sur VETdata, c&rsquo;est pourquoi les copies de factures correspondantes ne sont pas encore disponibles en ligne :<\/p>\n\n<ul class=\"wp-block-list\">\n<li>DA Pet Supplies AG<\/li>\n\n\n\n<li>E. Weber &amp; Cie AG Zurich<\/li>\n\n\n\n<li>Farmina Switzerland GmbH<\/li>\n\n\n\n<li>GaDia SA<\/li>\n\n\n\n<li>Inuvet AG<\/li>\n\n\n\n<li>medServe AG<\/li>\n\n\n\n<li>Nishcom AG<\/li>\n\n\n\n<li>PerAnimal GmbH<\/li>\n\n\n\n<li>Puppia Suisse GmbH<\/li>\n\n\n\n<li>Spirig HealthCare AG<\/li>\n\n\n\n<li>Spiromed AG<\/li>\n\n\n\n<li>Swiss Prime Lab SA<\/li>\n\n\n\n<li>TierOase GmbH<\/li>\n\n\n\n<li>Vetartis Suisse<\/li>\n\n\n\n<li>VetAthletics Schweiz GmbH<\/li>\n\n\n\n<li>Vetoquinol AG<\/li>\n\n\n\n<li>VetSet GmbH<\/li>\n\n\n\n<li>Vital AG<\/li>\n\n\n\n<li>Waldmann Lichttechnik GmbH<\/li>\n<\/ul>\n\n<p>Pour l&rsquo;instant, la m\u00e9thode actuelle de livraison des factures par les fournisseurs reste inchang\u00e9e. Les fournisseurs vous informeront s\u00e9par\u00e9ment de tout changement.<\/p>\n","protected":false},"excerpt":{"rendered":"<p>Les fournisseurs list\u00e9s ci-dessous envoient leurs factures \u00e0 VETdata: Les fournisseurs de l&rsquo;OGV et VETdata travaillent intensivement au raccordement d&rsquo;autres fournisseurs dans le but de disposer le plus rapidement possible dans VETdata de toutes les factures factur\u00e9es via l&rsquo;OGV. Actuellement, les fournisseurs OGV suivants ne sont pas encore en production sur VETdata, c&rsquo;est pourquoi les [&hellip;]<\/p>\n","protected":false},"author":1,"featured_media":1392,"parent":707,"menu_order":0,"comment_status":"closed","ping_status":"closed","template":"wp-custom-template-seite-schmal","meta":{"footnotes":""},"class_list":["post-821","page","type-page","status-publish","has-post-thumbnail","hentry"],"yoast_head":"<!-- This site is optimized with the Yoast SEO plugin v27.4 - https:\/\/yoast.com\/product\/yoast-seo-wordpress\/ -->\n<title>Fourniesseurs actifs - Vetdata<\/title>\n<meta name=\"robots\" content=\"index, follow, max-snippet:-1, max-image-preview:large, max-video-preview:-1\" \/>\n<link rel=\"canonical\" href=\"https:\/\/vetdata.ch\/fr\/page-daccueil\/actualites\/fourniesseurs-actifs\/\" \/>\n<meta property=\"og:locale\" content=\"fr_FR\" \/>\n<meta property=\"og:type\" content=\"article\" \/>\n<meta property=\"og:title\" content=\"Fourniesseurs actifs - Vetdata\" \/>\n<meta property=\"og:description\" content=\"Les fournisseurs list\u00e9s ci-dessous envoient leurs factures \u00e0 VETdata: Les fournisseurs de l&rsquo;OGV et VETdata travaillent intensivement au raccordement d&rsquo;autres fournisseurs dans le but de disposer le plus rapidement possible dans VETdata de toutes les factures factur\u00e9es via l&rsquo;OGV. Actuellement, les fournisseurs OGV suivants ne sont pas encore en production sur VETdata, c&rsquo;est pourquoi les [&hellip;]\" \/>\n<meta property=\"og:url\" content=\"https:\/\/vetdata.ch\/fr\/page-daccueil\/actualites\/fourniesseurs-actifs\/\" \/>\n<meta property=\"og:site_name\" content=\"Vetdata\" \/>\n<meta property=\"article:modified_time\" content=\"2026-04-13T14:38:32+00:00\" \/>\n<meta property=\"og:image\" content=\"https:\/\/vetdata.ch\/wp-content\/uploads\/2025\/06\/cropped-4c8e9dad-d134-40b4-a71e-faba73714d5d-scaled-1.jpg\" \/>\n\t<meta property=\"og:image:width\" content=\"1920\" \/>\n\t<meta property=\"og:image:height\" content=\"1278\" \/>\n\t<meta property=\"og:image:type\" content=\"image\/jpeg\" \/>\n<meta name=\"twitter:card\" content=\"summary_large_image\" \/>\n<meta name=\"twitter:label1\" content=\"Dur\u00e9e de lecture estim\u00e9e\" \/>\n\t<meta name=\"twitter:data1\" content=\"2 minutes\" \/>\n<script type=\"application\/ld+json\" class=\"yoast-schema-graph\">{\"@context\":\"https:\\\/\\\/schema.org\",\"@graph\":[{\"@type\":\"WebPage\",\"@id\":\"https:\\\/\\\/vetdata.ch\\\/fr\\\/page-daccueil\\\/actualites\\\/fourniesseurs-actifs\\\/\",\"url\":\"https:\\\/\\\/vetdata.ch\\\/fr\\\/page-daccueil\\\/actualites\\\/fourniesseurs-actifs\\\/\",\"name\":\"Fourniesseurs actifs - Vetdata\",\"isPartOf\":{\"@id\":\"https:\\\/\\\/vetdata.ch\\\/#website\"},\"primaryImageOfPage\":{\"@id\":\"https:\\\/\\\/vetdata.ch\\\/fr\\\/page-daccueil\\\/actualites\\\/fourniesseurs-actifs\\\/#primaryimage\"},\"image\":{\"@id\":\"https:\\\/\\\/vetdata.ch\\\/fr\\\/page-daccueil\\\/actualites\\\/fourniesseurs-actifs\\\/#primaryimage\"},\"thumbnailUrl\":\"https:\\\/\\\/vetdata.ch\\\/wp-content\\\/uploads\\\/2025\\\/06\\\/cropped-4c8e9dad-d134-40b4-a71e-faba73714d5d-scaled-1.jpg\",\"datePublished\":\"2023-11-18T05:00:05+00:00\",\"dateModified\":\"2026-04-13T14:38:32+00:00\",\"breadcrumb\":{\"@id\":\"https:\\\/\\\/vetdata.ch\\\/fr\\\/page-daccueil\\\/actualites\\\/fourniesseurs-actifs\\\/#breadcrumb\"},\"inLanguage\":\"fr-FR\",\"potentialAction\":[{\"@type\":\"ReadAction\",\"target\":[\"https:\\\/\\\/vetdata.ch\\\/fr\\\/page-daccueil\\\/actualites\\\/fourniesseurs-actifs\\\/\"]}]},{\"@type\":\"ImageObject\",\"inLanguage\":\"fr-FR\",\"@id\":\"https:\\\/\\\/vetdata.ch\\\/fr\\\/page-daccueil\\\/actualites\\\/fourniesseurs-actifs\\\/#primaryimage\",\"url\":\"https:\\\/\\\/vetdata.ch\\\/wp-content\\\/uploads\\\/2025\\\/06\\\/cropped-4c8e9dad-d134-40b4-a71e-faba73714d5d-scaled-1.jpg\",\"contentUrl\":\"https:\\\/\\\/vetdata.ch\\\/wp-content\\\/uploads\\\/2025\\\/06\\\/cropped-4c8e9dad-d134-40b4-a71e-faba73714d5d-scaled-1.jpg\",\"width\":1920,\"height\":1278},{\"@type\":\"BreadcrumbList\",\"@id\":\"https:\\\/\\\/vetdata.ch\\\/fr\\\/page-daccueil\\\/actualites\\\/fourniesseurs-actifs\\\/#breadcrumb\",\"itemListElement\":[{\"@type\":\"ListItem\",\"position\":1,\"name\":\"Startseite\",\"item\":\"https:\\\/\\\/vetdata.ch\\\/fr\\\/\"},{\"@type\":\"ListItem\",\"position\":2,\"name\":\"Page d&#8217;accueil\",\"item\":\"https:\\\/\\\/vetdata.ch\\\/fr\\\/\"},{\"@type\":\"ListItem\",\"position\":3,\"name\":\"Actualit\u00e9s\",\"item\":\"https:\\\/\\\/vetdata.ch\\\/fr\\\/page-daccueil\\\/actualites\\\/\"},{\"@type\":\"ListItem\",\"position\":4,\"name\":\"Fourniesseurs actifs\"}]},{\"@type\":\"WebSite\",\"@id\":\"https:\\\/\\\/vetdata.ch\\\/#website\",\"url\":\"https:\\\/\\\/vetdata.ch\\\/\",\"name\":\"Vetdata\",\"description\":\"\",\"publisher\":{\"@id\":\"https:\\\/\\\/vetdata.ch\\\/#organization\"},\"potentialAction\":[{\"@type\":\"SearchAction\",\"target\":{\"@type\":\"EntryPoint\",\"urlTemplate\":\"https:\\\/\\\/vetdata.ch\\\/?s={search_term_string}\"},\"query-input\":{\"@type\":\"PropertyValueSpecification\",\"valueRequired\":true,\"valueName\":\"search_term_string\"}}],\"inLanguage\":\"fr-FR\"},{\"@type\":\"Organization\",\"@id\":\"https:\\\/\\\/vetdata.ch\\\/#organization\",\"name\":\"Vetdata\",\"url\":\"https:\\\/\\\/vetdata.ch\\\/\",\"logo\":{\"@type\":\"ImageObject\",\"inLanguage\":\"fr-FR\",\"@id\":\"https:\\\/\\\/vetdata.ch\\\/#\\\/schema\\\/logo\\\/image\\\/\",\"url\":\"https:\\\/\\\/vetdata.ch\\\/wp-content\\\/uploads\\\/2023\\\/11\\\/cropped-cropped-vetdata.png\",\"contentUrl\":\"https:\\\/\\\/vetdata.ch\\\/wp-content\\\/uploads\\\/2023\\\/11\\\/cropped-cropped-vetdata.png\",\"width\":1311,\"height\":251,\"caption\":\"Vetdata\"},\"image\":{\"@id\":\"https:\\\/\\\/vetdata.ch\\\/#\\\/schema\\\/logo\\\/image\\\/\"},\"sameAs\":[\"https:\\\/\\\/www.linkedin.com\\\/search\\\/results\\\/all\\\/?fetchDeterministicClustersOnly=true&heroEntityKey=urnliorganization108575229&keywords=vetdata&origin=RICH_QUERY_SUGGESTION&position=0&searchId=7d6faacc-c403-4c7d-836d-01346c178d2b&sid=t6k&spellCorrectionEnabled=false\"]}]}<\/script>\n<!-- \/ Yoast SEO plugin. -->","yoast_head_json":{"title":"Fourniesseurs actifs - Vetdata","robots":{"index":"index","follow":"follow","max-snippet":"max-snippet:-1","max-image-preview":"max-image-preview:large","max-video-preview":"max-video-preview:-1"},"canonical":"https:\/\/vetdata.ch\/fr\/page-daccueil\/actualites\/fourniesseurs-actifs\/","og_locale":"fr_FR","og_type":"article","og_title":"Fourniesseurs actifs - Vetdata","og_description":"Les fournisseurs list\u00e9s ci-dessous envoient leurs factures \u00e0 VETdata: Les fournisseurs de l&rsquo;OGV et VETdata travaillent intensivement au raccordement d&rsquo;autres fournisseurs dans le but de disposer le plus rapidement possible dans VETdata de toutes les factures factur\u00e9es via l&rsquo;OGV. Actuellement, les fournisseurs OGV suivants ne sont pas encore en production sur VETdata, c&rsquo;est pourquoi les [&hellip;]","og_url":"https:\/\/vetdata.ch\/fr\/page-daccueil\/actualites\/fourniesseurs-actifs\/","og_site_name":"Vetdata","article_modified_time":"2026-04-13T14:38:32+00:00","og_image":[{"width":1920,"height":1278,"url":"https:\/\/vetdata.ch\/wp-content\/uploads\/2025\/06\/cropped-4c8e9dad-d134-40b4-a71e-faba73714d5d-scaled-1.jpg","type":"image\/jpeg"}],"twitter_card":"summary_large_image","twitter_misc":{"Dur\u00e9e de lecture estim\u00e9e":"2 minutes"},"schema":{"@context":"https:\/\/schema.org","@graph":[{"@type":"WebPage","@id":"https:\/\/vetdata.ch\/fr\/page-daccueil\/actualites\/fourniesseurs-actifs\/","url":"https:\/\/vetdata.ch\/fr\/page-daccueil\/actualites\/fourniesseurs-actifs\/","name":"Fourniesseurs actifs - Vetdata","isPartOf":{"@id":"https:\/\/vetdata.ch\/#website"},"primaryImageOfPage":{"@id":"https:\/\/vetdata.ch\/fr\/page-daccueil\/actualites\/fourniesseurs-actifs\/#primaryimage"},"image":{"@id":"https:\/\/vetdata.ch\/fr\/page-daccueil\/actualites\/fourniesseurs-actifs\/#primaryimage"},"thumbnailUrl":"https:\/\/vetdata.ch\/wp-content\/uploads\/2025\/06\/cropped-4c8e9dad-d134-40b4-a71e-faba73714d5d-scaled-1.jpg","datePublished":"2023-11-18T05:00:05+00:00","dateModified":"2026-04-13T14:38:32+00:00","breadcrumb":{"@id":"https:\/\/vetdata.ch\/fr\/page-daccueil\/actualites\/fourniesseurs-actifs\/#breadcrumb"},"inLanguage":"fr-FR","potentialAction":[{"@type":"ReadAction","target":["https:\/\/vetdata.ch\/fr\/page-daccueil\/actualites\/fourniesseurs-actifs\/"]}]},{"@type":"ImageObject","inLanguage":"fr-FR","@id":"https:\/\/vetdata.ch\/fr\/page-daccueil\/actualites\/fourniesseurs-actifs\/#primaryimage","url":"https:\/\/vetdata.ch\/wp-content\/uploads\/2025\/06\/cropped-4c8e9dad-d134-40b4-a71e-faba73714d5d-scaled-1.jpg","contentUrl":"https:\/\/vetdata.ch\/wp-content\/uploads\/2025\/06\/cropped-4c8e9dad-d134-40b4-a71e-faba73714d5d-scaled-1.jpg","width":1920,"height":1278},{"@type":"BreadcrumbList","@id":"https:\/\/vetdata.ch\/fr\/page-daccueil\/actualites\/fourniesseurs-actifs\/#breadcrumb","itemListElement":[{"@type":"ListItem","position":1,"name":"Startseite","item":"https:\/\/vetdata.ch\/fr\/"},{"@type":"ListItem","position":2,"name":"Page d&#8217;accueil","item":"https:\/\/vetdata.ch\/fr\/"},{"@type":"ListItem","position":3,"name":"Actualit\u00e9s","item":"https:\/\/vetdata.ch\/fr\/page-daccueil\/actualites\/"},{"@type":"ListItem","position":4,"name":"Fourniesseurs actifs"}]},{"@type":"WebSite","@id":"https:\/\/vetdata.ch\/#website","url":"https:\/\/vetdata.ch\/","name":"Vetdata","description":"","publisher":{"@id":"https:\/\/vetdata.ch\/#organization"},"potentialAction":[{"@type":"SearchAction","target":{"@type":"EntryPoint","urlTemplate":"https:\/\/vetdata.ch\/?s={search_term_string}"},"query-input":{"@type":"PropertyValueSpecification","valueRequired":true,"valueName":"search_term_string"}}],"inLanguage":"fr-FR"},{"@type":"Organization","@id":"https:\/\/vetdata.ch\/#organization","name":"Vetdata","url":"https:\/\/vetdata.ch\/","logo":{"@type":"ImageObject","inLanguage":"fr-FR","@id":"https:\/\/vetdata.ch\/#\/schema\/logo\/image\/","url":"https:\/\/vetdata.ch\/wp-content\/uploads\/2023\/11\/cropped-cropped-vetdata.png","contentUrl":"https:\/\/vetdata.ch\/wp-content\/uploads\/2023\/11\/cropped-cropped-vetdata.png","width":1311,"height":251,"caption":"Vetdata"},"image":{"@id":"https:\/\/vetdata.ch\/#\/schema\/logo\/image\/"},"sameAs":["https:\/\/www.linkedin.com\/search\/results\/all\/?fetchDeterministicClustersOnly=true&heroEntityKey=urnliorganization108575229&keywords=vetdata&origin=RICH_QUERY_SUGGESTION&position=0&searchId=7d6faacc-c403-4c7d-836d-01346c178d2b&sid=t6k&spellCorrectionEnabled=false"]}]}},"_links":{"self":[{"href":"https:\/\/vetdata.ch\/fr\/wp-json\/wp\/v2\/pages\/821","targetHints":{"allow":["GET"]}}],"collection":[{"href":"https:\/\/vetdata.ch\/fr\/wp-json\/wp\/v2\/pages"}],"about":[{"href":"https:\/\/vetdata.ch\/fr\/wp-json\/wp\/v2\/types\/page"}],"author":[{"embeddable":true,"href":"https:\/\/vetdata.ch\/fr\/wp-json\/wp\/v2\/users\/1"}],"replies":[{"embeddable":true,"href":"https:\/\/vetdata.ch\/fr\/wp-json\/wp\/v2\/comments?post=821"}],"version-history":[{"count":18,"href":"https:\/\/vetdata.ch\/fr\/wp-json\/wp\/v2\/pages\/821\/revisions"}],"predecessor-version":[{"id":3330,"href":"https:\/\/vetdata.ch\/fr\/wp-json\/wp\/v2\/pages\/821\/revisions\/3330"}],"up":[{"embeddable":true,"href":"https:\/\/vetdata.ch\/fr\/wp-json\/wp\/v2\/pages\/707"}],"wp:featuredmedia":[{"embeddable":true,"href":"https:\/\/vetdata.ch\/fr\/wp-json\/wp\/v2\/media\/1392"}],"wp:attachment":[{"href":"https:\/\/vetdata.ch\/fr\/wp-json\/wp\/v2\/media?parent=821"}],"curies":[{"name":"wp","href":"https:\/\/api.w.org\/{rel}","templated":true}]}}